{"id":6546,"date":"2024-07-16T09:10:47","date_gmt":"2024-07-16T15:10:47","guid":{"rendered":"https:\/\/village.edu.gt\/?page_id=6546"},"modified":"2024-07-16T09:19:22","modified_gmt":"2024-07-16T15:19:22","slug":"codigo-de-honor","status":"publish","type":"page","link":"https:\/\/village.edu.gt\/es\/codigo-de-honor\/","title":{"rendered":"C\u00f3digo de Honor"},"content":{"rendered":"<div data-elementor-type=\"wp-page\" data-elementor-id=\"6546\" class=\"elementor elementor-6546\" data-elementor-settings=\"[]\">\n\t\t\t\t\t\t<div class=\"elementor-inner\">\n\t\t\t\t\t\t\t<div class=\"elementor-section-wrap\">\n\t\t\t\t\t\t\t<section class=\"has_ma_el_bg_slider elementor-section elementor-top-section elementor-element elementor-element-3976c0f elementor-section-boxed elementor-section-height-default elementor-section-height-default jltma-glass-effect-no\" data-id=\"3976c0f\" data-element_type=\"section\">\n\t\t\t\t\t\t<div class=\"elementor-container elementor-column-gap-default\">\n\t\t\t\t\t\t\t<div class=\"elementor-row\">\n\t\t\t\t\t<div class=\"has_ma_el_bg_slider elementor-column elementor-col-100 elementor-top-column elementor-element elementor-element-f13cf7d jltma-glass-effect-no\" data-id=\"f13cf7d\" data-element_type=\"column\">\n\t\t\t<div class=\"elementor-column-wrap elementor-element-populated\">\n\t\t\t\t\t\t\t<div class=\"elementor-widget-wrap\">\n\t\t\t\t\t\t<div class=\"elementor-element elementor-element-a6f56d1 jltma-glass-effect-no elementor-widget elementor-widget-heading\" data-id=\"a6f56d1\" data-element_type=\"widget\" data-widget_type=\"heading.default\">\n\t\t\t\t<div class=\"elementor-widget-container\">\n\t\t\t<h2 class=\"elementor-heading-title elementor-size-default\">C\u00f3digo de honor<\/h2>\t\t<\/div>\n\t\t\t\t<\/div>\n\t\t\t\t<div class=\"elementor-element elementor-element-6bc9b2d elementor-widget-divider--view-line jltma-glass-effect-no elementor-widget elementor-widget-divider\" data-id=\"6bc9b2d\" data-element_type=\"widget\" data-widget_type=\"divider.default\">\n\t\t\t\t<div class=\"elementor-widget-container\">\n\t\t\t\t\t<div class=\"elementor-divider\">\n\t\t\t<span class=\"elementor-divider-separator\">\n\t\t\t\t\t\t<\/span>\n\t\t<\/div>\n\t\t\t\t<\/div>\n\t\t\t\t<\/div>\n\t\t\t\t\t\t<\/div>\n\t\t\t\t\t<\/div>\n\t\t<\/div>\n\t\t\t\t\t\t\t\t<\/div>\n\t\t\t\t\t<\/div>\n\t\t<\/section>\n\t\t\t\t<section class=\"has_ma_el_bg_slider elementor-section elementor-top-section elementor-element elementor-element-3ae4037 elementor-section-boxed elementor-section-height-default elementor-section-height-default jltma-glass-effect-no\" data-id=\"3ae4037\" data-element_type=\"section\">\n\t\t\t\t\t\t<div class=\"elementor-container elementor-column-gap-default\">\n\t\t\t\t\t\t\t<div class=\"elementor-row\">\n\t\t\t\t\t<div class=\"has_ma_el_bg_slider elementor-column elementor-col-66 elementor-top-column elementor-element elementor-element-3660694 jltma-glass-effect-no\" data-id=\"3660694\" data-element_type=\"column\">\n\t\t\t<div class=\"elementor-column-wrap elementor-element-populated\">\n\t\t\t\t\t\t\t<div class=\"elementor-widget-wrap\">\n\t\t\t\t\t\t<div class=\"elementor-element elementor-element-ca360b5 jltma-glass-effect-no elementor-widget elementor-widget-image\" data-id=\"ca360b5\" data-element_type=\"widget\" data-widget_type=\"image.default\">\n\t\t\t\t<div class=\"elementor-widget-container\">\n\t\t\t\t\t\t\t\t<div class=\"elementor-image\">\n\t\t\t\t\t\t\t\t\t\t\t\t<img loading=\"lazy\" decoding=\"async\" width=\"300\" height=\"300\" src=\"https:\/\/village.edu.gt\/wp-content\/uploads\/2024\/07\/Logo-Village.svg\" class=\"attachment-medium size-medium\" alt=\"\" \/>\t\t\t\t\t\t\t\t\t\t\t\t\t\t<\/div>\n\t\t\t\t\t\t<\/div>\n\t\t\t\t<\/div>\n\t\t\t\t\t\t<\/div>\n\t\t\t\t\t<\/div>\n\t\t<\/div>\n\t\t\t\t<div class=\"has_ma_el_bg_slider elementor-column elementor-col-33 elementor-top-column elementor-element elementor-element-e205dbd jltma-glass-effect-no\" data-id=\"e205dbd\" data-element_type=\"column\">\n\t\t\t<div class=\"elementor-column-wrap elementor-element-populated\">\n\t\t\t\t\t\t\t<div class=\"elementor-widget-wrap\">\n\t\t\t\t\t\t<div class=\"elementor-element elementor-element-00679d9 jltma-glass-effect-no elementor-widget elementor-widget-text-editor\" data-id=\"00679d9\" data-element_type=\"widget\" data-widget_type=\"text-editor.default\">\n\t\t\t\t<div class=\"elementor-widget-container\">\n\t\t\t\t\t\t\t\t<div class=\"elementor-text-editor elementor-clearfix\">\n\t\t\t\t<h3><strong>MISI\u00d3N<\/strong><\/h3><p>Es nuestra misi\u00f3n educar y formar l\u00edderes \u00edntegros, capaces, sensibles y protagonistas del\u00a0<span style=\"color: var( --e-global-color-text ); font-family: var( --e-global-typography-text-font-family ), Sub; font-size: var( --e-global-typography-text-font-size ); font-weight: var( --e-global-typography-text-font-weight ); text-transform: var( --e-global-typography-text-text-transform ); background-color: var(--nv-site-bg); letter-spacing: 0px;\">desarrollo global con nuestra metodolog\u00eda basada en la neuropsicolog\u00eda evolutiva y nuestro\u00a0<\/span><span style=\"color: var( --e-global-color-text ); font-family: var( --e-global-typography-text-font-family ), Sub; font-size: var( --e-global-typography-text-font-size ); font-weight: var( --e-global-typography-text-font-weight ); text-transform: var( --e-global-typography-text-text-transform ); background-color: var(--nv-site-bg); letter-spacing: 0px;\">curr\u00edculo innovador, en un ambiente de aprendizaje tecnol\u00f3gico, logramos el desarrollo del\u00a0<\/span><span style=\"color: var( --e-global-color-text ); font-family: var( --e-global-typography-text-font-family ), Sub; font-size: var( --e-global-typography-text-font-size ); font-weight: var( --e-global-typography-text-font-weight ); text-transform: var( --e-global-typography-text-text-transform ); background-color: var(--nv-site-bg); letter-spacing: 0px;\">potencial humano.<\/span><\/p><h3><strong>VISI\u00d3N:<\/strong><\/h3><p>Village School se mantendr\u00e1 a la vanguardia en el campo educativo, destacando por la\u00a0<span style=\"color: var( --e-global-color-text ); font-family: var( --e-global-typography-text-font-family ), Sub; font-size: var( --e-global-typography-text-font-size ); font-weight: var( --e-global-typography-text-font-weight ); text-transform: var( --e-global-typography-text-text-transform ); background-color: var(--nv-site-bg); letter-spacing: 0px;\">calidad humana, conocimiento y liderazgo de sus estudiantes.\u00a0<\/span><span style=\"color: var( --e-global-color-text ); font-family: var( --e-global-typography-text-font-family ), Sub; font-size: var( --e-global-typography-text-font-size ); font-weight: var( --e-global-typography-text-font-weight ); text-transform: var( --e-global-typography-text-text-transform ); background-color: var(--nv-site-bg); letter-spacing: 0px;\">Ellos har\u00e1n impacto en diferentes \u00e1mbitos superando los retos de una sociedad\u00a0<\/span><span style=\"color: var( --e-global-color-text ); font-family: var( --e-global-typography-text-font-family ), Sub; font-size: var( --e-global-typography-text-font-size ); font-weight: var( --e-global-typography-text-font-weight ); text-transform: var( --e-global-typography-text-text-transform ); background-color: var(--nv-site-bg); letter-spacing: 0px;\">cambiante.<\/span><\/p>\t\t\t\t\t<\/div>\n\t\t\t\t\t\t<\/div>\n\t\t\t\t<\/div>\n\t\t\t\t\t\t<\/div>\n\t\t\t\t\t<\/div>\n\t\t<\/div>\n\t\t\t\t\t\t\t\t<\/div>\n\t\t\t\t\t<\/div>\n\t\t<\/section>\n\t\t\t\t<section class=\"has_ma_el_bg_slider elementor-section elementor-top-section elementor-element elementor-element-8720317 elementor-section-boxed elementor-section-height-default elementor-section-height-default jltma-glass-effect-no\" data-id=\"8720317\" data-element_type=\"section\">\n\t\t\t\t\t\t<div class=\"elementor-container elementor-column-gap-default\">\n\t\t\t\t\t\t\t<div class=\"elementor-row\">\n\t\t\t\t\t<div class=\"has_ma_el_bg_slider elementor-column elementor-col-100 elementor-top-column elementor-element elementor-element-0486718 jltma-glass-effect-no\" data-id=\"0486718\" data-element_type=\"column\">\n\t\t\t<div class=\"elementor-column-wrap elementor-element-populated\">\n\t\t\t\t\t\t\t<div class=\"elementor-widget-wrap\">\n\t\t\t\t\t\t<div class=\"elementor-element elementor-element-9a956f4 jltma-glass-effect-no elementor-widget elementor-widget-spacer\" data-id=\"9a956f4\" data-element_type=\"widget\" data-widget_type=\"spacer.default\">\n\t\t\t\t<div class=\"elementor-widget-container\">\n\t\t\t\t\t<div class=\"elementor-spacer\">\n\t\t\t<div class=\"elementor-spacer-inner\"><\/div>\n\t\t<\/div>\n\t\t\t\t<\/div>\n\t\t\t\t<\/div>\n\t\t\t\t<div class=\"elementor-element elementor-element-2a2cfb6 elementor-align-center jltma-glass-effect-no elementor-widget elementor-widget-button\" data-id=\"2a2cfb6\" data-element_type=\"widget\" data-widget_type=\"button.default\">\n\t\t\t\t<div class=\"elementor-widget-container\">\n\t\t\t\t\t<div class=\"elementor-button-wrapper\">\n\t\t\t<a href=\"https:\/\/drive.google.com\/file\/d\/1sAGDzIwgDHQRb3V9HD24Md2KHRMpmr1s\/view?usp=sharing\" class=\"elementor-button-link elementor-button elementor-size-sm\" role=\"button\">\n\t\t\t\t\t\t<span class=\"elementor-button-content-wrapper\">\n\t\t\t\t\t\t<span class=\"elementor-button-icon elementor-align-icon-left\">\n\t\t\t\t<i aria-hidden=\"true\" class=\"elementor-icons eicon-file-download\"><\/i>\t\t\t<\/span>\n\t\t\t\t\t\t<span class=\"elementor-button-text\">Descargar<\/span>\n\t\t<\/span>\n\t\t\t\t\t<\/a>\n\t\t<\/div>\n\t\t\t\t<\/div>\n\t\t\t\t<\/div>\n\t\t\t\t\t\t<\/div>\n\t\t\t\t\t<\/div>\n\t\t<\/div>\n\t\t\t\t\t\t\t\t<\/div>\n\t\t\t\t\t<\/div>\n\t\t<\/section>\n\t\t\t\t\t\t<\/div>\n\t\t\t\t\t\t<\/div>\n\t\t\t\t\t<\/div>","protected":false},"excerpt":{"rendered":"<p>C\u00f3digo de honor MISI\u00d3N Es nuestra misi\u00f3n educar y formar l\u00edderes \u00edntegros, capaces, sensibles y protagonistas del\u00a0desarrollo global con nuestra metodolog\u00eda basada en la neuropsicolog\u00eda evolutiva y nuestro\u00a0curr\u00edculo innovador, en un ambiente de aprendizaje tecnol\u00f3gico, logramos el desarrollo del\u00a0potencial humano. VISI\u00d3N: Village School se mantendr\u00e1 a la vanguardia en el campo educativo, destacando por la\u00a0calidad&hellip;&nbsp;<a href=\"https:\/\/village.edu.gt\/es\/codigo-de-honor\/\" class=\"\" rel=\"bookmark\">Read More &raquo;<span class=\"screen-reader-text\">C\u00f3digo de Honor<\/span><\/a><\/p>","protected":false},"author":4,"featured_media":0,"parent":0,"menu_order":0,"comment_status":"closed","ping_status":"closed","template":"page-templates\/template-pagebuilder-full-width.php","meta":{"neve_meta_sidebar":"full-width","neve_meta_container":"","neve_meta_enable_content_width":"on","neve_meta_content_width":100,"neve_meta_title_alignment":"","neve_meta_author_avatar":"","neve_post_elements_order":"","neve_meta_disable_header":"","neve_meta_disable_footer":"","neve_meta_disable_title":"","footnotes":""},"class_list":["post-6546","page","type-page","status-publish","hentry"],"yoast_head":"<!-- This site is optimized with the Yoast SEO plugin v24.8.1 - https:\/\/yoast.com\/wordpress\/plugins\/seo\/ -->\n<title>C\u00f3digo de Honor - Village School<\/title>\n<meta name=\"robots\" content=\"index, follow, max-snippet:-1, max-image-preview:large, max-video-preview:-1\" \/>\n<link rel=\"canonical\" href=\"https:\/\/village.edu.gt\/es\/codigo-de-honor\/\" \/>\n<meta property=\"og:locale\" content=\"es_ES\" \/>\n<meta property=\"og:type\" content=\"article\" \/>\n<meta property=\"og:title\" content=\"C\u00f3digo de Honor - Village School\" \/>\n<meta property=\"og:description\" content=\"C\u00f3digo de honor MISI\u00d3N Es nuestra misi\u00f3n educar y formar l\u00edderes \u00edntegros, capaces, sensibles y protagonistas del\u00a0desarrollo global con nuestra metodolog\u00eda basada en la neuropsicolog\u00eda evolutiva y nuestro\u00a0curr\u00edculo innovador, en un ambiente de aprendizaje tecnol\u00f3gico, logramos el desarrollo del\u00a0potencial humano. VISI\u00d3N: Village School se mantendr\u00e1 a la vanguardia en el campo educativo, destacando por la\u00a0calidad&hellip;&nbsp;Read More &raquo;C\u00f3digo de Honor\" \/>\n<meta property=\"og:url\" content=\"https:\/\/village.edu.gt\/es\/codigo-de-honor\/\" \/>\n<meta property=\"og:site_name\" content=\"Village School\" \/>\n<meta property=\"article:modified_time\" content=\"2024-07-16T15:19:22+00:00\" \/>\n<meta property=\"og:image\" content=\"https:\/\/village.edu.gt\/wp-content\/uploads\/2024\/07\/Logo-Village.svg\" \/>\n<meta name=\"twitter:card\" content=\"summary_large_image\" \/>\n<meta name=\"twitter:label1\" content=\"Est. reading time\" \/>\n\t<meta name=\"twitter:data1\" content=\"1 minuto\" \/>\n<script type=\"application\/ld+json\" class=\"yoast-schema-graph\">{\"@context\":\"https:\/\/schema.org\",\"@graph\":[{\"@type\":\"WebPage\",\"@id\":\"https:\/\/village.edu.gt\/codigo-de-honor\/\",\"url\":\"https:\/\/village.edu.gt\/codigo-de-honor\/\",\"name\":\"C\u00f3digo de Honor - Village School\",\"isPartOf\":{\"@id\":\"https:\/\/village.edu.gt\/#website\"},\"primaryImageOfPage\":{\"@id\":\"https:\/\/village.edu.gt\/codigo-de-honor\/#primaryimage\"},\"image\":{\"@id\":\"https:\/\/village.edu.gt\/codigo-de-honor\/#primaryimage\"},\"thumbnailUrl\":\"https:\/\/village.edu.gt\/wp-content\/uploads\/2024\/07\/Logo-Village.svg\",\"datePublished\":\"2024-07-16T15:10:47+00:00\",\"dateModified\":\"2024-07-16T15:19:22+00:00\",\"breadcrumb\":{\"@id\":\"https:\/\/village.edu.gt\/codigo-de-honor\/#breadcrumb\"},\"inLanguage\":\"es\",\"potentialAction\":[{\"@type\":\"ReadAction\",\"target\":[\"https:\/\/village.edu.gt\/codigo-de-honor\/\"]}]},{\"@type\":\"ImageObject\",\"inLanguage\":\"es\",\"@id\":\"https:\/\/village.edu.gt\/codigo-de-honor\/#primaryimage\",\"url\":\"https:\/\/village.edu.gt\/wp-content\/uploads\/2024\/07\/Logo-Village.svg\",\"contentUrl\":\"https:\/\/village.edu.gt\/wp-content\/uploads\/2024\/07\/Logo-Village.svg\"},{\"@type\":\"BreadcrumbList\",\"@id\":\"https:\/\/village.edu.gt\/codigo-de-honor\/#breadcrumb\",\"itemListElement\":[{\"@type\":\"ListItem\",\"position\":1,\"name\":\"Home\",\"item\":\"https:\/\/village.edu.gt\/\"},{\"@type\":\"ListItem\",\"position\":2,\"name\":\"C\u00f3digo de Honor\"}]},{\"@type\":\"WebSite\",\"@id\":\"https:\/\/village.edu.gt\/#website\",\"url\":\"https:\/\/village.edu.gt\/\",\"name\":\"Village School\",\"description\":\"Education for the Future\",\"publisher\":{\"@id\":\"https:\/\/village.edu.gt\/#organization\"},\"potentialAction\":[{\"@type\":\"SearchAction\",\"target\":{\"@type\":\"EntryPoint\",\"urlTemplate\":\"https:\/\/village.edu.gt\/?s={search_term_string}\"},\"query-input\":{\"@type\":\"PropertyValueSpecification\",\"valueRequired\":true,\"valueName\":\"search_term_string\"}}],\"inLanguage\":\"es\"},{\"@type\":\"Organization\",\"@id\":\"https:\/\/village.edu.gt\/#organization\",\"name\":\"Village School\",\"url\":\"https:\/\/village.edu.gt\/\",\"logo\":{\"@type\":\"ImageObject\",\"inLanguage\":\"es\",\"@id\":\"https:\/\/village.edu.gt\/#\/schema\/logo\/image\/\",\"url\":\"https:\/\/village.edu.gt\/wp-content\/uploads\/2019\/03\/cropped-Village-School-Guatemala.png\",\"contentUrl\":\"https:\/\/village.edu.gt\/wp-content\/uploads\/2019\/03\/cropped-Village-School-Guatemala.png\",\"width\":499,\"height\":502,\"caption\":\"Village School\"},\"image\":{\"@id\":\"https:\/\/village.edu.gt\/#\/schema\/logo\/image\/\"}}]}<\/script>\n<!-- \/ Yoast SEO plugin. -->","yoast_head_json":{"title":"C\u00f3digo de Honor - Village School","robots":{"index":"index","follow":"follow","max-snippet":"max-snippet:-1","max-image-preview":"max-image-preview:large","max-video-preview":"max-video-preview:-1"},"canonical":"https:\/\/village.edu.gt\/es\/codigo-de-honor\/","og_locale":"es_ES","og_type":"article","og_title":"C\u00f3digo de Honor - Village School","og_description":"C\u00f3digo de honor MISI\u00d3N Es nuestra misi\u00f3n educar y formar l\u00edderes \u00edntegros, capaces, sensibles y protagonistas del\u00a0desarrollo global con nuestra metodolog\u00eda basada en la neuropsicolog\u00eda evolutiva y nuestro\u00a0curr\u00edculo innovador, en un ambiente de aprendizaje tecnol\u00f3gico, logramos el desarrollo del\u00a0potencial humano. VISI\u00d3N: Village School se mantendr\u00e1 a la vanguardia en el campo educativo, destacando por la\u00a0calidad&hellip;&nbsp;Read More &raquo;C\u00f3digo de Honor","og_url":"https:\/\/village.edu.gt\/es\/codigo-de-honor\/","og_site_name":"Village School","article_modified_time":"2024-07-16T15:19:22+00:00","og_image":[{"url":"https:\/\/village.edu.gt\/wp-content\/uploads\/2024\/07\/Logo-Village.svg","type":"","width":"","height":""}],"twitter_card":"summary_large_image","twitter_misc":{"Est. reading time":"1 minuto"},"schema":{"@context":"https:\/\/schema.org","@graph":[{"@type":"WebPage","@id":"https:\/\/village.edu.gt\/codigo-de-honor\/","url":"https:\/\/village.edu.gt\/codigo-de-honor\/","name":"C\u00f3digo de Honor - Village School","isPartOf":{"@id":"https:\/\/village.edu.gt\/#website"},"primaryImageOfPage":{"@id":"https:\/\/village.edu.gt\/codigo-de-honor\/#primaryimage"},"image":{"@id":"https:\/\/village.edu.gt\/codigo-de-honor\/#primaryimage"},"thumbnailUrl":"https:\/\/village.edu.gt\/wp-content\/uploads\/2024\/07\/Logo-Village.svg","datePublished":"2024-07-16T15:10:47+00:00","dateModified":"2024-07-16T15:19:22+00:00","breadcrumb":{"@id":"https:\/\/village.edu.gt\/codigo-de-honor\/#breadcrumb"},"inLanguage":"es","potentialAction":[{"@type":"ReadAction","target":["https:\/\/village.edu.gt\/codigo-de-honor\/"]}]},{"@type":"ImageObject","inLanguage":"es","@id":"https:\/\/village.edu.gt\/codigo-de-honor\/#primaryimage","url":"https:\/\/village.edu.gt\/wp-content\/uploads\/2024\/07\/Logo-Village.svg","contentUrl":"https:\/\/village.edu.gt\/wp-content\/uploads\/2024\/07\/Logo-Village.svg"},{"@type":"BreadcrumbList","@id":"https:\/\/village.edu.gt\/codigo-de-honor\/#breadcrumb","itemListElement":[{"@type":"ListItem","position":1,"name":"Home","item":"https:\/\/village.edu.gt\/"},{"@type":"ListItem","position":2,"name":"C\u00f3digo de Honor"}]},{"@type":"WebSite","@id":"https:\/\/village.edu.gt\/#website","url":"https:\/\/village.edu.gt\/","name":"Village School","description":"Education for the Future","publisher":{"@id":"https:\/\/village.edu.gt\/#organization"},"potentialAction":[{"@type":"SearchAction","target":{"@type":"EntryPoint","urlTemplate":"https:\/\/village.edu.gt\/?s={search_term_string}"},"query-input":{"@type":"PropertyValueSpecification","valueRequired":true,"valueName":"search_term_string"}}],"inLanguage":"es"},{"@type":"Organization","@id":"https:\/\/village.edu.gt\/#organization","name":"Village School","url":"https:\/\/village.edu.gt\/","logo":{"@type":"ImageObject","inLanguage":"es","@id":"https:\/\/village.edu.gt\/#\/schema\/logo\/image\/","url":"https:\/\/village.edu.gt\/wp-content\/uploads\/2019\/03\/cropped-Village-School-Guatemala.png","contentUrl":"https:\/\/village.edu.gt\/wp-content\/uploads\/2019\/03\/cropped-Village-School-Guatemala.png","width":499,"height":502,"caption":"Village School"},"image":{"@id":"https:\/\/village.edu.gt\/#\/schema\/logo\/image\/"}}]}},"_links":{"self":[{"href":"https:\/\/village.edu.gt\/es\/wp-json\/wp\/v2\/pages\/6546","targetHints":{"allow":["GET"]}}],"collection":[{"href":"https:\/\/village.edu.gt\/es\/wp-json\/wp\/v2\/pages"}],"about":[{"href":"https:\/\/village.edu.gt\/es\/wp-json\/wp\/v2\/types\/page"}],"author":[{"embeddable":true,"href":"https:\/\/village.edu.gt\/es\/wp-json\/wp\/v2\/users\/4"}],"replies":[{"embeddable":true,"href":"https:\/\/village.edu.gt\/es\/wp-json\/wp\/v2\/comments?post=6546"}],"version-history":[{"count":13,"href":"https:\/\/village.edu.gt\/es\/wp-json\/wp\/v2\/pages\/6546\/revisions"}],"predecessor-version":[{"id":6560,"href":"https:\/\/village.edu.gt\/es\/wp-json\/wp\/v2\/pages\/6546\/revisions\/6560"}],"wp:attachment":[{"href":"https:\/\/village.edu.gt\/es\/wp-json\/wp\/v2\/media?parent=6546"}],"curies":[{"name":"wp","href":"https:\/\/api.w.org\/{rel}","templated":true}]}}